{"id":327,"date":"2018-05-18T12:05:19","date_gmt":"2018-05-18T12:05:19","guid":{"rendered":"http:\/\/funkemittelstandsgmbhblog.de\/?page_id=327"},"modified":"2018-05-25T08:24:15","modified_gmt":"2018-05-25T08:24:15","slug":"impressum-und-datenschutzhinweis","status":"publish","type":"page","link":"https:\/\/funkemittelstandsgmbhblog.de\/?page_id=327","title":{"rendered":"Impressum und Datenschutzhinweis"},"content":{"rendered":"<p><b>Datenschutzerkl\u00e4rung<\/b><\/p>\n<p><b>Anbieter und verantwortliche Stelle im Sinne des Datenschutzgesetzes<\/b><\/p>\n<p><span style=\"font-weight: 400;\">f.u.n.k.e. MITTELSTANDS GmbH<\/span><span style=\"font-weight: 400;\"><br \/>\n<\/span><span style=\"font-weight: 400;\">Schlossallee 12<\/span><span style=\"font-weight: 400;\"><br \/>\n<\/span><span style=\"font-weight: 400;\">49326 Melle<\/span><\/p>\n<p>Gesch\u00e4ftsf\u00fchrer: Manfred Kennel<\/p>\n<p>AG Osnabr\u00fcck HRB 207927<\/p>\n<p>USt-IdNr. DE815334031<\/p>\n<p><b>Geltungsbereich<\/b><\/p>\n<p><span style=\"font-weight: 400;\">Nutzer erhalten mit dieser Datenschutzerkl\u00e4rung Information \u00fcber die Art, den Umfang und Zweck der Erhebung und Verwendung ihrer Daten durch den verantwortlichen Anbieter, die erhoben und verwendet werden. <\/span><\/p>\n<p><span style=\"font-weight: 400;\">Den rechtlichen Rahmen f\u00fcr den Datenschutz bilden das Bundesdatenschutzgesetz (BDSG) und das Telemediengesetz (TMG).<\/span><\/p>\n<p><b>Erfassung allgemeiner Informationen<\/b><\/p>\n<p><span style=\"font-weight: 400;\">Mit jedem Zugriff auf dieses Angebot werden durch uns bzw. den Webspace-Provider automatisch Informationen erfasst. Diese Informationen, auch als Server-Logfiles bezeichnet, sind allgemeiner Natur und erlauben keine R\u00fcckschl\u00fcsse auf Ihre Person. <\/span><\/p>\n<p><span style=\"font-weight: 400;\">Erfasst werden unter anderem: Name der Webseite, Datei, Datum, Datenmenge, Webbrowser und Webbrowser-Version, Betriebssystem, der Domainname Ihres Internet-Providers, die sogenannte Referrer-URL (jene Seite, von der aus Sie auf unser Angebot zugegriffen haben) und die IP-Adresse.<\/span><\/p>\n<p><span style=\"font-weight: 400;\">Ohne diese Daten w\u00e4re es technisch teils nicht m\u00f6glich, die Inhalte der Webseite auszuliefern und darzustellen. Insofern ist die Erfassung der Daten zwingend notwendig. Dar\u00fcber hinaus verwenden wir die anonymen Informationen f\u00fcr statistische Zwecke. Sie helfen uns bei der Optimierung des Angebots und der Technik. Wir behalten uns zudem das Recht vor, die Log-Files bei Verdacht auf eine rechtswidrige Nutzung unseres Angebotes nachtr\u00e4glich zu kontrollieren.<\/span><\/p>\n<p><b>Kontaktformular<\/b><\/p>\n<p><span style=\"font-weight: 400;\">Wenn Sie uns kontaktieren, speichern wir die von Ihnen gemachten Angaben, um Ihre Anfrage beantworten und m\u00f6gliche Anschlussfragen stellen zu k\u00f6nnen.<\/span><\/p>\n<p><b>Einbindung von Diensten und Inhalten Dritter<\/b><\/p>\n<p><span style=\"font-weight: 400;\">Unser Angebot umfasst mitunter Inhalte, Dienste und Leistungen anderer Anbieter. Das sind zum Beispiel Karten, die von Google-Maps zur Verf\u00fcgung gestellt werden, Videos von YouTube sowie Grafiken und Bilder anderer Webseiten. Damit diese Daten im Browser des Nutzers aufgerufen und dargestellt werden k\u00f6nnen, ist die \u00dcbermittlung der IP-Adresse zwingend notwendig. Die Anbieter (im Folgenden als \u201eDritt-Anbieter\u201c bezeichnet) nehmen also die IP-Adresse des jeweiligen Nutzers wahr. <\/span><\/p>\n<p><span style=\"font-weight: 400;\">Auch wenn wir bem\u00fcht sind, ausschlie\u00dflich Dritt-Anbieter zu nutzen, welche die IP-Adresse nur ben\u00f6tigen, um Inhalte ausliefern zu k\u00f6nnen, haben wir keinen Einfluss darauf, ob die IP-Adresse m\u00f6glicherweise gespeichert wird. Dieser Vorgang dient in dem Fall unter anderem statistischen Zwecken. Sofern wir Kenntnis davon haben, dass die IP-Adresse gespeichert wird, weisen wir unsere Nutzer darauf hin. <\/span><\/p>\n<p><b>Verwendung von Google Analytics<\/b><\/p>\n<p><span style=\"font-weight: 400;\">Diese Webseite benutzt Google Analytics, einen Webanalysedienst der Google Inc. (\u201cGoogle\u201d). Google Analytics verwendet sog. \u201cCookies\u201d, Textdateien, die auf Ihrem Computer gespeichert werden und die eine Analyse der Benutzung der Webseite durch Sie erm\u00f6glichen. Die durch den Cookie erzeugten Informationen \u00fcber Ihre Benutzung dieser Webseite werden in der Regel an einen Server von Google in den USA \u00fcbertragen und dort gespeichert. Aufgrund der Aktivierung der IP-Anonymisierung auf diesen Webseiten, wird Ihre IP-Adresse von Google jedoch innerhalb von Mitgliedstaaten der Europ\u00e4ischen Union oder in anderen Vertragsstaaten des Abkommens \u00fcber den Europ\u00e4ischen Wirtschaftsraum zuvor gek\u00fcrzt. Nur in Ausnahmef\u00e4llen wird die volle IP-Adresse an einen Server von Google in den USA \u00fcbertragen und dort gek\u00fcrzt. <\/span><\/p>\n<p><span style=\"font-weight: 400;\">Im Auftrag des Betreibers dieser Webseite wird Google diese Informationen benutzen, um Ihre Nutzung der Webseite auszuwerten, um Reports \u00fcber die Webseitenaktivit\u00e4ten zusammenzustellen und um weitere mit der Webseitennutzung und der Internetnutzung verbundene Dienstleistungen gegen\u00fcber dem Webseitenbetreiber zu erbringen. Die im Rahmen von Google Analytics von Ihrem Browser \u00fcbermittelte IP-Adresse wird nicht mit anderen Daten von Google zusammengef\u00fchrt. Sie k\u00f6nnen die Speicherung der Cookies durch eine entsprechende Einstellung Ihrer Browser-Software verhindern. Wir weisen Sie jedoch darauf hin, dass Sie in diesem Fall gegebenenfalls nicht s\u00e4mtliche Funktionen dieser Webseite vollumf\u00e4nglich werden nutzen k\u00f6nnen.<\/span><\/p>\n<p><span style=\"font-weight: 400;\">Sie k\u00f6nnen dar\u00fcber hinaus die Erfassung der durch das Cookie erzeugten und auf Ihre Nutzung der Webseite bezogenen Daten (inkl. Ihrer IP-Adresse) an Google sowie die Verarbeitung dieser Daten durch Google verhindern, indem sie das unter dem folgenden Link verf\u00fcgbare Browser-Plugin herunterladen und installieren: <\/span><a href=\"http:\/\/tools.google.com\/dlpage\/gaoptout?hl=de\"><span style=\"font-weight: 400;\">Browser Add On zur Deaktivierung von Google Analytics<\/span><\/a><span style=\"font-weight: 400;\">.<\/span><\/p>\n<p><span style=\"font-weight: 400;\">N\u00e4here Informationen zu Nutzungsbedingungen und Datenschutz finden Sie unter <\/span><a href=\"http:\/\/www.google.com\/analytics\/terms\/de.html\"><span style=\"font-weight: 400;\">http:\/\/www.google.com\/analytics\/terms\/de.html<\/span><\/a><span style=\"font-weight: 400;\"> bzw. unter <\/span><a href=\"https:\/\/www.google.de\/intl\/de\/policies\/\"><span style=\"font-weight: 400;\">https:\/\/www.google.de\/intl\/de\/policies\/<\/span><\/a><span style=\"font-weight: 400;\">.<\/span><\/p>\n<p><b>Datensparsamkeit<\/b><\/p>\n<p><span style=\"font-weight: 400;\">Personenbezogene Daten speichern wir gem\u00e4\u00df den Grunds\u00e4tzen der Datenvermeidung und Datensparsamkeit nur so lange, wie es erforderlich ist oder vom Gesetzgeber her vorgeschrieben wird (gesetzliche Speicherfrist). Entf\u00e4llt der Zweck der erhobenen Informationen oder endet die Speicherfrist, sperren oder l\u00f6schen wir die Daten.<\/span><\/p>\n<p><b>Ihre Rechte auf Auskunft, Berichtigung, Sperre, L\u00f6schung und Widerspruch<\/b><\/p>\n<p><span style=\"font-weight: 400;\">Jede betroffene Person hat das Recht, auf Antrag unentgeltlich eine Auskunft, \u00fcber die bei uns gespeicherten personenbezogenen Daten, anzufordern und\/oder eine Berichtigung, Sperrung oder L\u00f6schung zu verlangen. Ausnahmen: Es handelt sich um die vorgeschriebene Datenspeicherung zur Gesch\u00e4ftsabwicklung oder die Daten unterliegen der gesetzlichen Aufbewahrungspflicht.<\/span><\/p>\n<p><span style=\"font-weight: 400;\">Um eine Datensperre jederzeit ber\u00fccksichtigen zu k\u00f6nnen, ist es erforderlich, die Daten f\u00fcr Kontrollzwecke in einer Sperrdatei vorzuhalten. Besteht keine gesetzliche Archivierungspflicht, k\u00f6nnen Sie auch die L\u00f6schung der Daten verlangen. Anderenfalls sperren wir die Daten, sofern Sie dies w\u00fcnschen.<\/span><\/p>\n<p><b>\u00c4nderung unserer Datenschutzerkl\u00e4rung<\/b><\/p>\n<p><span style=\"font-weight: 400;\">Um zu gew\u00e4hrleisten, dass unsere Datenschutzerkl\u00e4rung stets den aktuellen gesetzlichen Vorgaben entspricht, behalten wir uns jederzeit \u00c4nderungen vor. Das gilt auch f\u00fcr den Fall, dass die Datenschutzerkl\u00e4rung aufgrund neuer oder \u00fcberarbeiteter Leistungen, zum Beispiel neuer Serviceleistungen, angepasst werden muss. Die neue Datenschutzerkl\u00e4rung greift dann bei Ihrem n\u00e4chsten Besuch auf unserem Angebot.<\/span><\/p>\n","protected":false},"excerpt":{"rendered":"<p>Datenschutzerkl\u00e4rung Anbieter und verantwortliche Stelle im Sinne des Datenschutzgesetzes f.u.n.k.e. MITTELSTANDS GmbH Schlossallee 12 49326 Melle Gesch\u00e4ftsf\u00fchrer: Manfred Kennel AG Osnabr\u00fcck HRB 207927 USt-IdNr. DE815334031 Geltungsbereich Nutzer erhalten mit dieser Datenschutzerkl\u00e4rung Information \u00fcber die Art, den Umfang und Zweck der Erhebung und Verwendung ihrer Daten durch den verantwortlichen Anbieter, die erhoben und verwendet werden. Den &hellip; <\/p>\n<p class=\"link-more\"><a href=\"https:\/\/funkemittelstandsgmbhblog.de\/?page_id=327\" class=\"more-link\"><span class=\"screen-reader-text\">\u201eImpressum und Datenschutzhinweis\u201c<\/span> weiterlesen<\/a><\/p>\n","protected":false},"author":1,"featured_media":0,"parent":0,"menu_order":0,"comment_status":"closed","ping_status":"closed","template":"","meta":{"footnotes":""},"_links":{"self":[{"href":"https:\/\/funkemittelstandsgmbhblog.de\/index.php?rest_route=\/wp\/v2\/pages\/327"}],"collection":[{"href":"https:\/\/funkemittelstandsgmbhblog.de\/index.php?rest_route=\/wp\/v2\/pages"}],"about":[{"href":"https:\/\/funkemittelstandsgmbhblog.de\/index.php?rest_route=\/wp\/v2\/types\/page"}],"author":[{"embeddable":true,"href":"https:\/\/funkemittelstandsgmbhblog.de\/index.php?rest_route=\/wp\/v2\/users\/1"}],"replies":[{"embeddable":true,"href":"https:\/\/funkemittelstandsgmbhblog.de\/index.php?rest_route=%2Fwp%2Fv2%2Fcomments&post=327"}],"version-history":[{"count":0,"href":"https:\/\/funkemittelstandsgmbhblog.de\/index.php?rest_route=\/wp\/v2\/pages\/327\/revisions"}],"wp:attachment":[{"href":"https:\/\/funkemittelstandsgmbhblog.de\/index.php?rest_route=%2Fwp%2Fv2%2Fmedia&parent=327"}],"curies":[{"name":"wp","href":"https:\/\/api.w.org\/{rel}","templated":true}]}}